{"id":5888,"date":"2023-10-27T15:53:10","date_gmt":"2023-10-27T13:53:10","guid":{"rendered":"https:\/\/foxcub.fr\/contacto\/"},"modified":"2025-05-19T16:09:38","modified_gmt":"2025-05-19T14:09:38","slug":"contacto","status":"publish","type":"page","link":"https:\/\/foxcub.fr\/es\/contacto\/","title":{"rendered":"Contacto"},"content":{"rendered":"<p>[et_pb_section fb_built=\u00bb1&#8243; admin_label=\u00bbHero\u00bb _builder_version=\u00bb4.21.0&#8243; background_image=\u00bbhttps:\/\/foxcub.fr\/wp-content\/uploads\/2023\/11\/Capture-decran-2023-11-04-a-06.21.45.png\u00bb min_height=\u00bb363px\u00bb custom_padding=\u00bb42px|0px|42px|0px|true|false\u00bb global_colors_info=\u00bb{}\u00bb][\/et_pb_section][et_pb_section fb_built=\u00bb1&#8243; admin_label=\u00bbContact Form Section\u00bb _builder_version=\u00bb4.16&#8243; background_color=\u00bb#f7f7f7&#8243; custom_padding=\u00bb30px||110px|||\u00bb animation_direction=\u00bbbottom\u00bb saved_tabs=\u00bball\u00bb global_colors_info=\u00bb{}\u00bb][et_pb_row admin_label=\u00bbService Section Title\u00bb _builder_version=\u00bb4.16&#8243; custom_margin=\u00bb||40px|\u00bb animation_style=\u00bbfade\u00bb animation_direction=\u00bbtop\u00bb locked=\u00bboff\u00bb global_colors_info=\u00bb{}\u00bb][et_pb_column type=\u00bb4_4&#8243; _builder_version=\u00bb4.16&#8243; custom_padding=\u00bb|||\u00bb global_colors_info=\u00bb{}\u00bb custom_padding__hover=\u00bb|||\u00bb][et_pb_text admin_label=\u00bbTitle\u00bb _builder_version=\u00bb4.21.0&#8243; text_font=\u00bb||||||||\u00bb text_text_color=\u00bb#747d88&#8243; header_font=\u00bb||||||||\u00bb header_text_color=\u00bb#353740&#8243; header_2_font=\u00bb|700||on|||||\u00bb header_2_text_color=\u00bb#353740&#8243; background_color=\u00bbRGBA(255,255,255,0)\u00bb text_orientation=\u00bbcenter\u00bb max_width=\u00bb1000px\u00bb max_width_tablet=\u00bb1000px\u00bb max_width_phone=\u00bb1000px\u00bb max_width_last_edited=\u00bbon|phone\u00bb module_alignment=\u00bbcenter\u00bb animation_direction=\u00bbbottom\u00bb global_colors_info=\u00bb{}\u00bb]<\/p>\n<h2>CONT\u00c1CTENOS<\/h2>\n<p>[\/et_pb_text][et_pb_text admin_label=\u00bbSubtitle\u00bb _builder_version=\u00bb4.21.0&#8243; text_font=\u00bb||||||||\u00bb text_text_color=\u00bb#353740&#8243; text_font_size=\u00bb18px\u00bb text_line_height=\u00bb1.8em\u00bb header_font=\u00bb||||||||\u00bb text_orientation=\u00bbcenter\u00bb max_width=\u00bb1000px\u00bb max_width_tablet=\u00bb1000px\u00bb max_width_phone=\u00bb1000px\u00bb max_width_last_edited=\u00bbon|phone\u00bb module_alignment=\u00bbcenter\u00bb custom_margin=\u00bb|||\u00bb animation_direction=\u00bbbottom\u00bb global_colors_info=\u00bb{}\u00bb]<span>\u00bfDesea saber m\u00e1s?<\/span> <strong><span>E<\/span>staremos encantados de conversar con usted<\/strong> <span>para hablar de sus necesidades espec\u00edficas, identificar los retos que enfrenta, considerar las mejores estrategias para alcanzar sus objetivos o simplemente para intercambiar ideas.<\/span><\/p>\n<p>Tambi\u00e9n puede escribirnos directamente a trav\u00e9s de nuestra direcci\u00f3n dedicada: <a mailto:=\"\">contact@foxcub.fr<\/a>[\/et_pb_text][\/et_pb_column][\/et_pb_row][et_pb_row admin_label=\u00bbContact Form\u00bb _builder_version=\u00bb4.21.0&#8243; animation_style=\u00bbfade\u00bb global_colors_info=\u00bb{}\u00bb][et_pb_column type=\u00bb4_4&#8243; _builder_version=\u00bb4.16&#8243; custom_padding=\u00bb|||\u00bb global_colors_info=\u00bb{}\u00bb custom_padding__hover=\u00bb|||\u00bb][et_pb_contact_form use_spam_service=\u00bbon\u00bb recaptcha_list=\u00bbSite Foxcub-0&#8243; email=\u00bbcontact@foxcub.fr\u00bb custom_message=\u00bbMessage envoy\u00e9 depuis le formulaire du site Foxcub.||et_pb_line_break_holder||||et_pb_line_break_holder||Nom et pr\u00e9nom : %%Name%%||et_pb_line_break_holder||Email : %%Email%%||et_pb_line_break_holder||T\u00e9l\u00e9phone : %%Phone%%||et_pb_line_break_holder||Entreprise ou Organisation : %%Enterprise%%||et_pb_line_break_holder||Message : %%Message%%\u00bb success_message=\u00bb\u00a1Gracias! Recibiremos su mensaje y le responderemos lo antes posible. \u00bb submit_button_text=\u00bbEnviar\u00bb module_id=\u00bbet_pb_contact_form_0&#8243; _builder_version=\u00bb4.21.0&#8243; form_field_background_color=\u00bbrgba(255,255,255,0)\u00bb form_field_text_color=\u00bb#353740&#8243; captcha_text_color=\u00bb#353740&#8243; form_field_font=\u00bbMontserrat||||\u00bb form_field_font_size=\u00bb16px\u00bb custom_button=\u00bbon\u00bb button_text_color=\u00bb#353740&#8243; button_border_width=\u00bb1px\u00bb button_border_color=\u00bb#353740&#8243; button_border_radius=\u00bb100px\u00bb button_letter_spacing=\u00bb2px\u00bb button_font=\u00bb|600||on|||||\u00bb button_icon=\u00bb&#x45;||divi||400&#8243; button_icon_color=\u00bb#353740&#8243; max_width=\u00bb800px\u00bb module_alignment=\u00bbcenter\u00bb animation_style=\u00bbfade\u00bb box_shadow_style=\u00bbpreset7&#8243; box_shadow_horizontal=\u00bb0px\u00bb box_shadow_vertical=\u00bb-1px\u00bb box_shadow_color=\u00bbrgba(0,0,0,0.18)\u00bb form_background_color=\u00bbrgba(255,255,255,0)\u00bb global_colors_info=\u00bb{}\u00bb][et_pb_contact_field field_id=\u00bbName\u00bb field_title=\u00bbNombre y apellidos *\u00bb fullwidth_field=\u00bbon\u00bb _builder_version=\u00bb4.21.0&#8243; global_colors_info=\u00bb{}\u00bb button_text_size__hover_enabled=\u00bboff\u00bb button_one_text_size__hover_enabled=\u00bboff\u00bb button_two_text_size__hover_enabled=\u00bboff\u00bb button_text_color__hover_enabled=\u00bboff\u00bb button_one_text_color__hover_enabled=\u00bboff\u00bb button_two_text_color__hover_enabled=\u00bboff\u00bb button_border_width__hover_enabled=\u00bboff\u00bb button_one_border_width__hover_enabled=\u00bboff\u00bb button_two_border_width__hover_enabled=\u00bboff\u00bb button_border_color__hover_enabled=\u00bboff\u00bb button_one_border_color__hover_enabled=\u00bboff\u00bb button_two_border_color__hover_enabled=\u00bboff\u00bb button_border_radius__hover_enabled=\u00bboff\u00bb button_one_border_radius__hover_enabled=\u00bboff\u00bb button_two_border_radius__hover_enabled=\u00bboff\u00bb button_letter_spacing__hover_enabled=\u00bboff\u00bb button_one_letter_spacing__hover_enabled=\u00bboff\u00bb button_two_letter_spacing__hover_enabled=\u00bboff\u00bb button_bg_color__hover_enabled=\u00bboff\u00bb button_one_bg_color__hover_enabled=\u00bboff\u00bb button_two_bg_color__hover_enabled=\u00bboff\u00bb][\/et_pb_contact_field][et_pb_contact_field field_id=\u00bbEmail\u00bb field_title=\u00bbCorreo electr\u00f3nico *\u00bb field_type=\u00bbemail\u00bb fullwidth_field=\u00bbon\u00bb _builder_version=\u00bb4.21.0&#8243; global_colors_info=\u00bb{}\u00bb button_text_size__hover_enabled=\u00bboff\u00bb button_one_text_size__hover_enabled=\u00bboff\u00bb button_two_text_size__hover_enabled=\u00bboff\u00bb button_text_color__hover_enabled=\u00bboff\u00bb button_one_text_color__hover_enabled=\u00bboff\u00bb button_two_text_color__hover_enabled=\u00bboff\u00bb button_border_width__hover_enabled=\u00bboff\u00bb button_one_border_width__hover_enabled=\u00bboff\u00bb button_two_border_width__hover_enabled=\u00bboff\u00bb button_border_color__hover_enabled=\u00bboff\u00bb button_one_border_color__hover_enabled=\u00bboff\u00bb button_two_border_color__hover_enabled=\u00bboff\u00bb button_border_radius__hover_enabled=\u00bboff\u00bb button_one_border_radius__hover_enabled=\u00bboff\u00bb button_two_border_radius__hover_enabled=\u00bboff\u00bb button_letter_spacing__hover_enabled=\u00bboff\u00bb button_one_letter_spacing__hover_enabled=\u00bboff\u00bb button_two_letter_spacing__hover_enabled=\u00bboff\u00bb button_bg_color__hover_enabled=\u00bboff\u00bb button_one_bg_color__hover_enabled=\u00bboff\u00bb button_two_bg_color__hover_enabled=\u00bboff\u00bb][\/et_pb_contact_field][et_pb_contact_field field_id=\u00bbPhone\u00bb field_title=\u00bbTel\u00e9fono\u00bb required_mark=\u00bboff\u00bb fullwidth_field=\u00bbon\u00bb _builder_version=\u00bb4.21.0&#8243; global_colors_info=\u00bb{}\u00bb button_text_size__hover_enabled=\u00bboff\u00bb button_one_text_size__hover_enabled=\u00bboff\u00bb button_two_text_size__hover_enabled=\u00bboff\u00bb button_text_color__hover_enabled=\u00bboff\u00bb button_one_text_color__hover_enabled=\u00bboff\u00bb button_two_text_color__hover_enabled=\u00bboff\u00bb button_border_width__hover_enabled=\u00bboff\u00bb button_one_border_width__hover_enabled=\u00bboff\u00bb button_two_border_width__hover_enabled=\u00bboff\u00bb button_border_color__hover_enabled=\u00bboff\u00bb button_one_border_color__hover_enabled=\u00bboff\u00bb button_two_border_color__hover_enabled=\u00bboff\u00bb button_border_radius__hover_enabled=\u00bboff\u00bb button_one_border_radius__hover_enabled=\u00bboff\u00bb button_two_border_radius__hover_enabled=\u00bboff\u00bb button_letter_spacing__hover_enabled=\u00bboff\u00bb button_one_letter_spacing__hover_enabled=\u00bboff\u00bb button_two_letter_spacing__hover_enabled=\u00bboff\u00bb button_bg_color__hover_enabled=\u00bboff\u00bb button_one_bg_color__hover_enabled=\u00bboff\u00bb button_two_bg_color__hover_enabled=\u00bboff\u00bb][\/et_pb_contact_field][et_pb_contact_field field_id=\u00bbEnterprise\u00bb field_title=\u00bbEmpresa u Organizaci\u00f3n\u00bb required_mark=\u00bboff\u00bb fullwidth_field=\u00bbon\u00bb _builder_version=\u00bb4.21.0&#8243; global_colors_info=\u00bb{}\u00bb button_text_size__hover_enabled=\u00bboff\u00bb button_one_text_size__hover_enabled=\u00bboff\u00bb button_two_text_size__hover_enabled=\u00bboff\u00bb button_text_color__hover_enabled=\u00bboff\u00bb button_one_text_color__hover_enabled=\u00bboff\u00bb button_two_text_color__hover_enabled=\u00bboff\u00bb button_border_width__hover_enabled=\u00bboff\u00bb button_one_border_width__hover_enabled=\u00bboff\u00bb button_two_border_width__hover_enabled=\u00bboff\u00bb button_border_color__hover_enabled=\u00bboff\u00bb button_one_border_color__hover_enabled=\u00bboff\u00bb button_two_border_color__hover_enabled=\u00bboff\u00bb button_border_radius__hover_enabled=\u00bboff\u00bb button_one_border_radius__hover_enabled=\u00bboff\u00bb button_two_border_radius__hover_enabled=\u00bboff\u00bb button_letter_spacing__hover_enabled=\u00bboff\u00bb button_one_letter_spacing__hover_enabled=\u00bboff\u00bb button_two_letter_spacing__hover_enabled=\u00bboff\u00bb button_bg_color__hover_enabled=\u00bboff\u00bb button_one_bg_color__hover_enabled=\u00bboff\u00bb button_two_bg_color__hover_enabled=\u00bboff\u00bb][\/et_pb_contact_field][et_pb_contact_field field_id=\u00bbMessage\u00bb field_title=\u00bbMensaje *\u00bb field_type=\u00bbtext\u00bb fullwidth_field=\u00bbon\u00bb _builder_version=\u00bb4.21.0&#8243; custom_margin=\u00bb||60px|\u00bb custom_padding=\u00bb|||\u00bb global_colors_info=\u00bb{}\u00bb button_text_size__hover_enabled=\u00bboff\u00bb button_one_text_size__hover_enabled=\u00bboff\u00bb button_two_text_size__hover_enabled=\u00bboff\u00bb button_text_color__hover_enabled=\u00bboff\u00bb button_one_text_color__hover_enabled=\u00bboff\u00bb button_two_text_color__hover_enabled=\u00bboff\u00bb button_border_width__hover_enabled=\u00bboff\u00bb button_one_border_width__hover_enabled=\u00bboff\u00bb button_two_border_width__hover_enabled=\u00bboff\u00bb button_border_color__hover_enabled=\u00bboff\u00bb button_one_border_color__hover_enabled=\u00bboff\u00bb button_two_border_color__hover_enabled=\u00bboff\u00bb button_border_radius__hover_enabled=\u00bboff\u00bb button_one_border_radius__hover_enabled=\u00bboff\u00bb button_two_border_radius__hover_enabled=\u00bboff\u00bb button_letter_spacing__hover_enabled=\u00bboff\u00bb button_one_letter_spacing__hover_enabled=\u00bboff\u00bb button_two_letter_spacing__hover_enabled=\u00bboff\u00bb button_bg_color__hover_enabled=\u00bboff\u00bb button_one_bg_color__hover_enabled=\u00bboff\u00bb button_two_bg_color__hover_enabled=\u00bboff\u00bb][\/et_pb_contact_field][\/et_pb_contact_form][\/et_pb_column][\/et_pb_row][\/et_pb_section][et_pb_section fb_built=\u00bb1&#8243; _builder_version=\u00bb4.21.0&#8243; _module_preset=\u00bbdefault\u00bb global_colors_info=\u00bb{}\u00bb][et_pb_row _builder_version=\u00bb4.21.0&#8243; _module_preset=\u00bbdefault\u00bb global_colors_info=\u00bb{}\u00bb][et_pb_column type=\u00bb4_4&#8243; _builder_version=\u00bb4.21.0&#8243; _module_preset=\u00bbdefault\u00bb global_colors_info=\u00bb{}\u00bb][et_pb_text admin_label=\u00bbTitle\u00bb _builder_version=\u00bb4.21.0&#8243; text_font=\u00bb||||||||\u00bb text_text_color=\u00bb#747d88&#8243; header_font=\u00bb||||||||\u00bb header_text_color=\u00bb#353740&#8243; header_2_font=\u00bb|700||on|||||\u00bb header_2_text_color=\u00bb#353740&#8243; background_color=\u00bbRGBA(255,255,255,0)\u00bb text_orientation=\u00bbcenter\u00bb max_width=\u00bb1000px\u00bb max_width_tablet=\u00bb1000px\u00bb max_width_phone=\u00bb1000px\u00bb max_width_last_edited=\u00bbon|phone\u00bb module_alignment=\u00bbcenter\u00bb animation_direction=\u00bbbottom\u00bb global_colors_info=\u00bb{}\u00bb]<\/p>\n<h2>S\u00cdGANOS EN LAS REDES SOCIALES<\/h2>\n<p>[\/et_pb_text][et_pb_text admin_label=\u00bbSubtitle\u00bb _builder_version=\u00bb4.21.0&#8243; text_font=\u00bb||||||||\u00bb text_text_color=\u00bb#353740&#8243; text_font_size=\u00bb18px\u00bb text_line_height=\u00bb1.8em\u00bb header_font=\u00bb||||||||\u00bb text_orientation=\u00bbcenter\u00bb max_width=\u00bb1000px\u00bb max_width_tablet=\u00bb1000px\u00bb max_width_phone=\u00bb1000px\u00bb max_width_last_edited=\u00bbon|phone\u00bb module_alignment=\u00bbcenter\u00bb custom_margin=\u00bb|||\u00bb animation_direction=\u00bbbottom\u00bb global_colors_info=\u00bb{}\u00bb]<\/p>\n<p><span>Con\u00e9ctese a nuestras redes para seguir nuestras \u00faltimas publicaciones.<\/span><\/p>\n<p>[\/et_pb_text][et_pb_social_media_follow use_icon_font_size=\u00bbon\u00bb icon_font_size=\u00bb35px\u00bb _builder_version=\u00bb4.21.0&#8243; _module_preset=\u00bbdefault\u00bb text_orientation=\u00bbcenter\u00bb hover_enabled=\u00bb0&#8243; global_colors_info=\u00bb{}\u00bb sticky_enabled=\u00bb0&#8243;][et_pb_social_media_follow_network social_network=\u00bblinkedin\u00bb url=\u00bbhttps:\/\/www.linkedin.com\/company\/foxcub\u00bb use_icon_font_size=\u00bbon\u00bb icon_font_size=\u00bb35px\u00bb _builder_version=\u00bb4.21.0&#8243; _module_preset=\u00bbdefault\u00bb background_color=\u00bb#007bb6&#8243; global_colors_info=\u00bb{}\u00bb follow_button=\u00bboff\u00bb url_new_window=\u00bbon\u00bb]linkedin[\/et_pb_social_media_follow_network][\/et_pb_social_media_follow][\/et_pb_column][\/et_pb_row][\/et_pb_section]<\/p>\n","protected":false},"excerpt":{"rendered":"<p>CONT\u00c1CTENOS\u00bfDesea saber m\u00e1s? Estaremos encantados de conversar con usted para hablar de sus necesidades espec\u00edficas, identificar los retos que enfrenta, considerar las mejores estrategias para alcanzar sus objetivos o simplemente para intercambiar ideas. Tambi\u00e9n puede escribirnos directamente a trav\u00e9s de nuestra direcci\u00f3n dedicada: contact@foxcub.frS\u00cdGANOS EN LAS REDES SOCIALESCon\u00e9ctese a nuestras redes para seguir nuestras \u00faltimas [&hellip;]<\/p>\n","protected":false},"author":1,"featured_media":0,"parent":0,"menu_order":0,"comment_status":"closed","ping_status":"closed","template":"","meta":{"_et_pb_use_builder":"on","_et_pb_old_content":"","_et_gb_content_width":"","footnotes":""},"class_list":["post-5888","page","type-page","status-publish","hentry"],"yoast_head":"<!-- This site is optimized with the Yoast SEO plugin v25.1 - https:\/\/yoast.com\/wordpress\/plugins\/seo\/ -->\n<title>Contacto - Foxcub<\/title>\n<meta name=\"description\" content=\"P\u00f3ngase en contacto con el equipo de Foxcub. Cu\u00e9ntenos sus necesidades o proyectos: estamos aqu\u00ed para ayudarle. Escr\u00edbanos a contact@foxcub.fr contact@foxcub.fr\" \/>\n<meta name=\"robots\" content=\"index, follow, max-snippet:-1, max-image-preview:large, max-video-preview:-1\" \/>\n<link rel=\"canonical\" href=\"https:\/\/foxcub.fr\/es\/contacto\/\" \/>\n<meta property=\"og:locale\" content=\"es_ES\" \/>\n<meta property=\"og:type\" content=\"article\" \/>\n<meta property=\"og:title\" content=\"Contacto - Foxcub\" \/>\n<meta property=\"og:description\" content=\"P\u00f3ngase en contacto con el equipo de Foxcub. Cu\u00e9ntenos sus necesidades o proyectos: estamos aqu\u00ed para ayudarle. Escr\u00edbanos a contact@foxcub.fr contact@foxcub.fr\" \/>\n<meta property=\"og:url\" content=\"https:\/\/foxcub.fr\/es\/contacto\/\" \/>\n<meta property=\"og:site_name\" content=\"Foxcub\" \/>\n<meta property=\"article:modified_time\" content=\"2025-05-19T14:09:38+00:00\" \/>\n<meta name=\"twitter:card\" content=\"summary_large_image\" \/>\n<meta name=\"twitter:label1\" content=\"Tiempo de lectura\" \/>\n\t<meta name=\"twitter:data1\" content=\"8 minutos\" \/>\n<script type=\"application\/ld+json\" class=\"yoast-schema-graph\">{\"@context\":\"https:\/\/schema.org\",\"@graph\":[{\"@type\":\"WebPage\",\"@id\":\"https:\/\/foxcub.fr\/es\/contacto\/\",\"url\":\"https:\/\/foxcub.fr\/es\/contacto\/\",\"name\":\"Contacto - Foxcub\",\"isPartOf\":{\"@id\":\"https:\/\/foxcub.fr\/es\/#website\"},\"datePublished\":\"2023-10-27T13:53:10+00:00\",\"dateModified\":\"2025-05-19T14:09:38+00:00\",\"description\":\"P\u00f3ngase en contacto con el equipo de Foxcub. Cu\u00e9ntenos sus necesidades o proyectos: estamos aqu\u00ed para ayudarle. Escr\u00edbanos a contact@foxcub.fr contact@foxcub.fr\",\"breadcrumb\":{\"@id\":\"https:\/\/foxcub.fr\/es\/contacto\/#breadcrumb\"},\"inLanguage\":\"es\",\"potentialAction\":[{\"@type\":\"ReadAction\",\"target\":[\"https:\/\/foxcub.fr\/es\/contacto\/\"]}]},{\"@type\":\"BreadcrumbList\",\"@id\":\"https:\/\/foxcub.fr\/es\/contacto\/#breadcrumb\",\"itemListElement\":[{\"@type\":\"ListItem\",\"position\":1,\"name\":\"Accueil\",\"item\":\"https:\/\/foxcub.fr\/es\/\"},{\"@type\":\"ListItem\",\"position\":2,\"name\":\"Contacto\"}]},{\"@type\":\"WebSite\",\"@id\":\"https:\/\/foxcub.fr\/es\/#website\",\"url\":\"https:\/\/foxcub.fr\/es\/\",\"name\":\"Foxcub\",\"description\":\"Le acompa\u00f1amos en sus proyectos de Datos e IA\",\"publisher\":{\"@id\":\"https:\/\/foxcub.fr\/es\/#organization\"},\"potentialAction\":[{\"@type\":\"SearchAction\",\"target\":{\"@type\":\"EntryPoint\",\"urlTemplate\":\"https:\/\/foxcub.fr\/es\/?s={search_term_string}\"},\"query-input\":{\"@type\":\"PropertyValueSpecification\",\"valueRequired\":true,\"valueName\":\"search_term_string\"}}],\"inLanguage\":\"es\"},{\"@type\":\"Organization\",\"@id\":\"https:\/\/foxcub.fr\/es\/#organization\",\"name\":\"Foxcub\",\"url\":\"https:\/\/foxcub.fr\/es\/\",\"logo\":{\"@type\":\"ImageObject\",\"inLanguage\":\"es\",\"@id\":\"https:\/\/foxcub.fr\/es\/#\/schema\/logo\/image\/\",\"url\":\"https:\/\/foxcub.fr\/wp-content\/uploads\/2023\/10\/cropped-LOGO_semi_transparent-1.png\",\"contentUrl\":\"https:\/\/foxcub.fr\/wp-content\/uploads\/2023\/10\/cropped-LOGO_semi_transparent-1.png\",\"width\":512,\"height\":512,\"caption\":\"Foxcub\"},\"image\":{\"@id\":\"https:\/\/foxcub.fr\/es\/#\/schema\/logo\/image\/\"},\"sameAs\":[\"https:\/\/www.linkedin.com\/company\/foxcub\",\"https:\/\/bsky.app\/profile\/foxcubfr.bsky.social\"]}]}<\/script>\n<!-- \/ Yoast SEO plugin. -->","yoast_head_json":{"title":"Contacto - Foxcub","description":"P\u00f3ngase en contacto con el equipo de Foxcub. Cu\u00e9ntenos sus necesidades o proyectos: estamos aqu\u00ed para ayudarle. Escr\u00edbanos a contact@foxcub.fr contact@foxcub.fr","robots":{"index":"index","follow":"follow","max-snippet":"max-snippet:-1","max-image-preview":"max-image-preview:large","max-video-preview":"max-video-preview:-1"},"canonical":"https:\/\/foxcub.fr\/es\/contacto\/","og_locale":"es_ES","og_type":"article","og_title":"Contacto - Foxcub","og_description":"P\u00f3ngase en contacto con el equipo de Foxcub. Cu\u00e9ntenos sus necesidades o proyectos: estamos aqu\u00ed para ayudarle. Escr\u00edbanos a contact@foxcub.fr contact@foxcub.fr","og_url":"https:\/\/foxcub.fr\/es\/contacto\/","og_site_name":"Foxcub","article_modified_time":"2025-05-19T14:09:38+00:00","twitter_card":"summary_large_image","twitter_misc":{"Tiempo de lectura":"8 minutos"},"schema":{"@context":"https:\/\/schema.org","@graph":[{"@type":"WebPage","@id":"https:\/\/foxcub.fr\/es\/contacto\/","url":"https:\/\/foxcub.fr\/es\/contacto\/","name":"Contacto - Foxcub","isPartOf":{"@id":"https:\/\/foxcub.fr\/es\/#website"},"datePublished":"2023-10-27T13:53:10+00:00","dateModified":"2025-05-19T14:09:38+00:00","description":"P\u00f3ngase en contacto con el equipo de Foxcub. Cu\u00e9ntenos sus necesidades o proyectos: estamos aqu\u00ed para ayudarle. Escr\u00edbanos a contact@foxcub.fr contact@foxcub.fr","breadcrumb":{"@id":"https:\/\/foxcub.fr\/es\/contacto\/#breadcrumb"},"inLanguage":"es","potentialAction":[{"@type":"ReadAction","target":["https:\/\/foxcub.fr\/es\/contacto\/"]}]},{"@type":"BreadcrumbList","@id":"https:\/\/foxcub.fr\/es\/contacto\/#breadcrumb","itemListElement":[{"@type":"ListItem","position":1,"name":"Accueil","item":"https:\/\/foxcub.fr\/es\/"},{"@type":"ListItem","position":2,"name":"Contacto"}]},{"@type":"WebSite","@id":"https:\/\/foxcub.fr\/es\/#website","url":"https:\/\/foxcub.fr\/es\/","name":"Foxcub","description":"Le acompa\u00f1amos en sus proyectos de Datos e IA","publisher":{"@id":"https:\/\/foxcub.fr\/es\/#organization"},"potentialAction":[{"@type":"SearchAction","target":{"@type":"EntryPoint","urlTemplate":"https:\/\/foxcub.fr\/es\/?s={search_term_string}"},"query-input":{"@type":"PropertyValueSpecification","valueRequired":true,"valueName":"search_term_string"}}],"inLanguage":"es"},{"@type":"Organization","@id":"https:\/\/foxcub.fr\/es\/#organization","name":"Foxcub","url":"https:\/\/foxcub.fr\/es\/","logo":{"@type":"ImageObject","inLanguage":"es","@id":"https:\/\/foxcub.fr\/es\/#\/schema\/logo\/image\/","url":"https:\/\/foxcub.fr\/wp-content\/uploads\/2023\/10\/cropped-LOGO_semi_transparent-1.png","contentUrl":"https:\/\/foxcub.fr\/wp-content\/uploads\/2023\/10\/cropped-LOGO_semi_transparent-1.png","width":512,"height":512,"caption":"Foxcub"},"image":{"@id":"https:\/\/foxcub.fr\/es\/#\/schema\/logo\/image\/"},"sameAs":["https:\/\/www.linkedin.com\/company\/foxcub","https:\/\/bsky.app\/profile\/foxcubfr.bsky.social"]}]}},"_links":{"self":[{"href":"https:\/\/foxcub.fr\/es\/wp-json\/wp\/v2\/pages\/5888","targetHints":{"allow":["GET"]}}],"collection":[{"href":"https:\/\/foxcub.fr\/es\/wp-json\/wp\/v2\/pages"}],"about":[{"href":"https:\/\/foxcub.fr\/es\/wp-json\/wp\/v2\/types\/page"}],"author":[{"embeddable":true,"href":"https:\/\/foxcub.fr\/es\/wp-json\/wp\/v2\/users\/1"}],"replies":[{"embeddable":true,"href":"https:\/\/foxcub.fr\/es\/wp-json\/wp\/v2\/comments?post=5888"}],"version-history":[{"count":3,"href":"https:\/\/foxcub.fr\/es\/wp-json\/wp\/v2\/pages\/5888\/revisions"}],"predecessor-version":[{"id":6128,"href":"https:\/\/foxcub.fr\/es\/wp-json\/wp\/v2\/pages\/5888\/revisions\/6128"}],"wp:attachment":[{"href":"https:\/\/foxcub.fr\/es\/wp-json\/wp\/v2\/media?parent=5888"}],"curies":[{"name":"wp","href":"https:\/\/api.w.org\/{rel}","templated":true}]}}